{"id":164,"date":"2018-12-20T08:58:32","date_gmt":"2018-12-20T08:58:32","guid":{"rendered":"https:\/\/demo2wpopal.b-cdn.net\/maisonco\/?page_id=164"},"modified":"2023-04-28T09:43:59","modified_gmt":"2023-04-28T09:43:59","slug":"home-1","status":"publish","type":"page","link":"https:\/\/villastauffen.at\/","title":{"rendered":"Home 1"},"content":{"rendered":"\t\t<div data-elementor-type=\"wp-post\" data-elementor-id=\"164\" class=\"elementor elementor-164\">\n\t\t\t\t\t\t<div class=\"elementor-section elementor-top-section elementor-element elementor-element-21d2a9c elementor-section-stretched elementor-section-full_width elementor-section-height-default elementor-section-height-default\" data-id=\"21d2a9c\" data-element_type=\"section\" data-settings=\"{&quot;stretch_section&quot;:&quot;section-stretched&quot;}\">\n\t\t\t\t\t\t<div class=\"elementor-container elementor-column-gap-no\">\n\t\t\t\t\t<div class=\"elementor-column elementor-col-100 elementor-top-column elementor-element elementor-element-0012dc7\" data-id=\"0012dc7\" data-element_type=\"column\">\n\t\t\t<div class=\"elementor-widget-wrap elementor-element-populated\">\n\t\t\t\t\t\t<div class=\"elementor-element elementor-element-3f17043 elementor-widget elementor-widget-opal-revslider\" data-id=\"3f17043\" data-element_type=\"widget\" data-widget_type=\"opal-revslider.default\">\n\t\t\t\t<div class=\"elementor-widget-container\">\n\t\t\t\n\t\t\t<!-- START Home1 REVOLUTION SLIDER 6.5.6 --><p class=\"rs-p-wp-fix\"><\/p>\n\t\t\t<rs-module-wrap id=\"rev_slider_1_1_wrapper\" data-source=\"gallery\" style=\"visibility:hidden;background:transparent;padding:0;\">\n\t\t\t\t<rs-module id=\"rev_slider_1_1\" style=\"\" data-version=\"6.5.6\">\n\t\t\t\t\t<rs-slides>\n\t\t\t\t\t\t<rs-slide style=\"position: absolute;\" data-key=\"rs-1\" data-title=\"Slide\" data-anim=\"f:nodelay;\" data-filter=\"b:2;\" data-in=\"o:0;sx:1.5;sy:1.2;m:true;col:6;\" data-out=\"a:false;\" data-alttrans=\"slotfade-horizontal,boxslide\">\n\t\t\t\t\t\t\t<img fetchpriority=\"high\" decoding=\"async\" src=\"\/\/villastauffen.at\/wp-content\/plugins\/revslider\/public\/assets\/assets\/dummy.png\" title=\"Stauffenstrasse_02_2\" width=\"2560\" height=\"1920\" class=\"rev-slidebg tp-rs-img rs-lazyload\" data-lazyload=\"\/\/villastauffen.at\/wp-content\/uploads\/2021\/08\/Stauffenstrasse_02_2-scaled.jpg\" data-parallax=\"off\" data-panzoom=\"d:10000;ss:100;se:105;\" data-no-retina>\n<!--\n\t\t\t\t\t\t\t--><rs-layer\n\t\t\t\t\t\t\t\tid=\"slider-1-slide-1-layer-1\" \n\t\t\t\t\t\t\t\tdata-type=\"text\"\n\t\t\t\t\t\t\t\tdata-tsh=\"b:4px;\"\n\t\t\t\t\t\t\t\tdata-rsp_ch=\"on\"\n\t\t\t\t\t\t\t\tdata-xy=\"x:c;y:m;yo:0,0,-28px,-90px;\"\n\t\t\t\t\t\t\t\tdata-text=\"w:normal;s:100,100,60,40;l:85,85,75,55;a:center;\"\n\t\t\t\t\t\t\t\tdata-dim=\"w:763px,763px,694px,390px;h:auto,auto,auto,111px;\"\n\t\t\t\t\t\t\t\tdata-frame_0=\"sX:0.9;sY:0.9;\"\n\t\t\t\t\t\t\t\tdata-frame_1=\"e:power2.out;st:310;sp:1110;sR:310;\"\n\t\t\t\t\t\t\t\tdata-frame_999=\"o:0;st:w;sR:7580;\"\n\t\t\t\t\t\t\t\tstyle=\"z-index:8;font-family:'Marcellus SC';text-transform:uppercase;\"\n\t\t\t\t\t\t\t>Villa Stauffen \n\t\t\t\t\t\t\t<\/rs-layer><!--\n-->\t\t\t\t\t\t<\/rs-slide>\n\t\t\t\t\t\t<rs-slide style=\"position: absolute;\" data-key=\"rs-2\" data-title=\"Slide\" data-anim=\"f:nodelay;\" data-filter=\"b:2;\" data-in=\"o:0;sx:1.2;sy:1.5;m:true;row:6;\" data-out=\"a:false;\" data-alttrans=\"boxfade,slotfade-vertical\">\n\t\t\t\t\t\t\t<img decoding=\"async\" src=\"\/\/villastauffen.at\/wp-content\/plugins\/revslider\/public\/assets\/assets\/dummy.png\" title=\"Stauffenstrasse_01_2\" width=\"2560\" height=\"1920\" class=\"rev-slidebg tp-rs-img rs-lazyload\" data-lazyload=\"\/\/villastauffen.at\/wp-content\/uploads\/2021\/08\/Stauffenstrasse_01_2-scaled.jpg\" data-parallax=\"15\" data-no-retina>\n<!--\n\t\t\t\t\t\t\t--><rs-layer\n\t\t\t\t\t\t\t\tid=\"slider-1-slide-2-layer-1\" \n\t\t\t\t\t\t\t\tdata-type=\"text\"\n\t\t\t\t\t\t\t\tdata-rsp_ch=\"on\"\n\t\t\t\t\t\t\t\tdata-xy=\"x:c;xo:0,0,0,-1px;y:m;yo:0,0,-34px,-83px;\"\n\t\t\t\t\t\t\t\tdata-text=\"w:normal;s:100,100,60,40;l:85,85,75,55;a:center;\"\n\t\t\t\t\t\t\t\tdata-dim=\"w:737px,737px,738px,423px;\"\n\t\t\t\t\t\t\t\tdata-frame_0=\"sX:0.9;sY:0.9;\"\n\t\t\t\t\t\t\t\tdata-frame_1=\"e:power2.out;st:310;sp:1110;sR:310;\"\n\t\t\t\t\t\t\t\tdata-frame_999=\"o:0;st:w;sR:7580;\"\n\t\t\t\t\t\t\t\tstyle=\"z-index:5;font-family:'Marcellus SC';text-transform:uppercase;\"\n\t\t\t\t\t\t\t>Urbaner Chic & Lifestyle \n\t\t\t\t\t\t\t<\/rs-layer><!--\n-->\t\t\t\t\t\t<\/rs-slide>\n\t\t\t\t\t<\/rs-slides>\n\t\t\t\t\t<rs-static-layers class=\"rs-stl-visible\"><!--\n\t\t\t\t\t--><\/rs-static-layers>\n\t\t\t\t<\/rs-module>\n\t\t\t\t<script type=\"text\/javascript\">\n\t\t\t\t\tsetREVStartSize({c: 'rev_slider_1_1',rl:[1240,1024,778,480],el:[1020,1020,960,720],gw:[1920,1024,778,480],gh:[1020,1020,960,720],type:'standard',justify:'',layout:'fullscreen',offsetContainer:'',offset:'',mh:\"0\"});if (window.RS_MODULES!==undefined && window.RS_MODULES.modules!==undefined && window.RS_MODULES.modules[\"revslider11\"]!==undefined) {window.RS_MODULES.modules[\"revslider11\"].once = false;window.revapi1 = undefined;if (window.RS_MODULES.checkMinimal!==undefined) window.RS_MODULES.checkMinimal()}\n\t\t\t\t<\/script>\n\t\t\t<\/rs-module-wrap>\n\t\t\t<!-- END REVOLUTION SLIDER -->\n\t\t<\/div>\n\t\t\t\t<\/div>\n\t\t\t\t\t<\/div>\n\t\t<\/div>\n\t\t\t\t\t<\/div>\n\t\t<\/div>\n\t\t\t\t<div class=\"elementor-section elementor-top-section elementor-element elementor-element-d60b1b2 elementor-section-stretched elementor-section-boxed elementor-section-height-default elementor-section-height-default\" data-id=\"d60b1b2\" data-element_type=\"section\" data-settings=\"{&quot;stretch_section&quot;:&quot;section-stretched&quot;}\">\n\t\t\t\t\t\t<div class=\"elementor-container elementor-column-gap-no\">\n\t\t\t\t\t<div class=\"elementor-column elementor-col-100 elementor-top-column elementor-element elementor-element-198af21\" data-id=\"198af21\" data-element_type=\"column\">\n\t\t\t<div class=\"elementor-widget-wrap elementor-element-populated\">\n\t\t\t\t\t\t<div class=\"elementor-section elementor-inner-section elementor-element elementor-element-f002e27 elementor-section-content-middle elementor-section-boxed elementor-section-height-default elementor-section-height-default\" data-id=\"f002e27\" data-element_type=\"section\">\n\t\t\t\t\t\t<div class=\"elementor-container elementor-column-gap-no\">\n\t\t\t\t\t<div class=\"elementor-column elementor-col-50 elementor-inner-column elementor-element elementor-element-4c813ad animated-fast elementor-invisible\" data-id=\"4c813ad\" data-element_type=\"column\" data-settings=\"{&quot;animation&quot;:&quot;opal-move-right&quot;}\">\n\t\t\t<div class=\"elementor-widget-wrap elementor-element-populated\">\n\t\t\t\t\t\t<div class=\"elementor-element elementor-element-9bd5f5f elementor-widget elementor-widget-heading\" data-id=\"9bd5f5f\" data-element_type=\"widget\" data-widget_type=\"heading.default\">\n\t\t\t\t<div class=\"elementor-widget-container\">\n\t\t\t<i aria-hidden=\"true\" class=\"icon_before opal-icon-decor\"><\/i><h2 class=\"elementor-heading-title elementor-size-default\">Stauffenstra\u00dfe 5 - urbaner chic &amp; Lifestyle<\/h2>\t\t<\/div>\n\t\t\t\t<\/div>\n\t\t\t\t<div class=\"elementor-element elementor-element-516349c elementor-widget elementor-widget-text-editor\" data-id=\"516349c\" data-element_type=\"widget\" data-widget_type=\"text-editor.default\">\n\t\t\t\t<div class=\"elementor-widget-container\">\n\t\t\t\t\t\t\t<p>In zentraler Stadtlage &#8211; unweit der Salzach &#8211; entsteht das derzeit wohl anspruchsvollste Mietobjekt der Stadt Salzburg, die \u201eVilla Stauffen\u201c.<\/p>\t\t\t\t\t\t<\/div>\n\t\t\t\t<\/div>\n\t\t\t\t<div class=\"elementor-element elementor-element-a97c1eb elementor-widget elementor-widget-text-editor\" data-id=\"a97c1eb\" data-element_type=\"widget\" data-widget_type=\"text-editor.default\">\n\t\t\t\t<div class=\"elementor-widget-container\">\n\t\t\t\t\t\t\t<p>Beim neuesten Projekt der Wenzl-Hartl Bautr\u00e4gergesellschaft wurde, unter besonderer R\u00fccksichtnahme auf die historische Substanz, der urspr\u00fcngliche Bestand der Liegenschaft entkernt, umf\u00e4nglich generalsaniert, um zwei Gescho\u00dfe erweitert sowie um einen modernen Zubau erg\u00e4nzt. Die revitalisierte Originalfassade aus dem Jahr 1893 ist Eye-Catcher und Statement zugleich. Der daran angeschlossene Neubau unterstreicht dieses Stilelement, ohne dabei jedoch dominieren zu wollen. Das Ergebnis dieser hochwertigen Symbiose ist das Wohnprojekt &#8222;Villa Stauffen&#8220; &#8211; eine m\u00e9lange aus charakterstarkem Altbau und moderner, zeitloser Architektur des 21. Jahrhunderts. <br \/><br \/><\/p>\t\t\t\t\t\t<\/div>\n\t\t\t\t<\/div>\n\t\t\t\t\t<\/div>\n\t\t<\/div>\n\t\t\t\t<div class=\"elementor-column elementor-col-50 elementor-inner-column elementor-element elementor-element-73a9239 animated-fast elementor-invisible\" data-id=\"73a9239\" data-element_type=\"column\" data-settings=\"{&quot;animation&quot;:&quot;opal-scale-up&quot;,&quot;animation_delay&quot;:100}\">\n\t\t\t<div class=\"elementor-widget-wrap elementor-element-populated\">\n\t\t\t\t\t\t<div class=\"elementor-element elementor-element-e727896 elementor-widget elementor-widget-image\" data-id=\"e727896\" data-element_type=\"widget\" data-widget_type=\"image.default\">\n\t\t\t\t<div class=\"elementor-widget-container\">\n\t\t\t\t\t\t\t\t\t\t\t\t\t<img decoding=\"async\" width=\"2560\" height=\"1920\" src=\"https:\/\/villastauffen.at\/wp-content\/uploads\/2021\/08\/Stauffenstrasse_01_2-scaled.jpg\" class=\"attachment-full size-full wp-image-2047\" alt=\"\" srcset=\"https:\/\/villastauffen.at\/wp-content\/uploads\/2021\/08\/Stauffenstrasse_01_2-scaled.jpg 2560w, https:\/\/villastauffen.at\/wp-content\/uploads\/2021\/08\/Stauffenstrasse_01_2-300x225.jpg 300w, https:\/\/villastauffen.at\/wp-content\/uploads\/2021\/08\/Stauffenstrasse_01_2-1024x768.jpg 1024w, https:\/\/villastauffen.at\/wp-content\/uploads\/2021\/08\/Stauffenstrasse_01_2-768x576.jpg 768w, https:\/\/villastauffen.at\/wp-content\/uploads\/2021\/08\/Stauffenstrasse_01_2-1536x1152.jpg 1536w, https:\/\/villastauffen.at\/wp-content\/uploads\/2021\/08\/Stauffenstrasse_01_2-2048x1536.jpg 2048w, https:\/\/villastauffen.at\/wp-content\/uploads\/2021\/08\/Stauffenstrasse_01_2-400x300.jpg 400w\" sizes=\"(max-width: 2560px) 100vw, 2560px\" \/>\t\t\t\t\t\t\t\t\t\t\t\t\t<\/div>\n\t\t\t\t<\/div>\n\t\t\t\t\t<\/div>\n\t\t<\/div>\n\t\t\t\t\t<\/div>\n\t\t<\/div>\n\t\t\t\t\t<\/div>\n\t\t<\/div>\n\t\t\t\t\t<\/div>\n\t\t<\/div>\n\t\t\t\t<div class=\"elementor-section elementor-top-section elementor-element elementor-element-bb1cf9e elementor-section-stretched elementor-section-boxed elementor-section-height-default elementor-section-height-default\" data-id=\"bb1cf9e\" data-element_type=\"section\" data-settings=\"{&quot;stretch_section&quot;:&quot;section-stretched&quot;,&quot;background_background&quot;:&quot;classic&quot;}\">\n\t\t\t\t\t\t<div class=\"elementor-container elementor-column-gap-no\">\n\t\t\t\t\t<div class=\"elementor-column elementor-col-100 elementor-top-column elementor-element elementor-element-6b41075\" data-id=\"6b41075\" data-element_type=\"column\" data-settings=\"{&quot;background_background&quot;:&quot;classic&quot;}\">\n\t\t\t<div class=\"elementor-widget-wrap elementor-element-populated\">\n\t\t\t\t\t\t<div class=\"elementor-element elementor-element-703c254 animated-fast elementor-invisible elementor-widget elementor-widget-heading\" data-id=\"703c254\" data-element_type=\"widget\" data-settings=\"{&quot;_animation&quot;:&quot;opal-move-up&quot;}\" data-widget_type=\"heading.default\">\n\t\t\t\t<div class=\"elementor-widget-container\">\n\t\t\t<i aria-hidden=\"true\" class=\"icon_before opal-icon-decor\"><\/i><h2 class=\"elementor-heading-title elementor-size-default\">Das erwartet Sie <\/h2>\t\t<\/div>\n\t\t\t\t<\/div>\n\t\t\t\t<div class=\"elementor-section elementor-inner-section elementor-element elementor-element-747270d elementor-section-boxed elementor-section-height-default elementor-section-height-default\" data-id=\"747270d\" data-element_type=\"section\">\n\t\t\t\t\t\t<div class=\"elementor-container elementor-column-gap-no\">\n\t\t\t\t\t<div class=\"elementor-column elementor-col-33 elementor-inner-column elementor-element elementor-element-12001c2 animated-fast elementor-invisible\" data-id=\"12001c2\" data-element_type=\"column\" data-settings=\"{&quot;animation&quot;:&quot;opal-move-up&quot;,&quot;animation_delay&quot;:100}\">\n\t\t\t<div class=\"elementor-widget-wrap elementor-element-populated\">\n\t\t\t\t\t\t<div class=\"elementor-element elementor-element-d2b03b6 featured-box-wrapper-transform-move-up elementor-widget elementor-widget-featured-box\" data-id=\"d2b03b6\" data-element_type=\"widget\" data-widget_type=\"featured-box.default\">\n\t\t\t\t<div class=\"elementor-widget-container\">\n\t\t\t<div class=\"elementor-featured-box-wrapper\"><div class=\"elementor-featured-box-top\"><div class=\"elementor-featured-box-icon\"><i class=\"opal-icon-map\" aria-hidden=\"true\" ><\/i><\/div><h3 class=\"elementor-featured-box-title\">Zentral gelegen<\/h3><\/div><div class=\"elementor-featured-box-bottom\"><p class=\"elementor-featured-box-description\">In wenigen Minuten mit dem Fahrrad oder Auto ins Zentrum und am Sonntag in den Supermarkt gehen. Die Lage des Geb\u00e4udes l\u00e4sst keine W\u00fcnsche \u00fcbrig. <\/p><\/div><\/div>\t\t<\/div>\n\t\t\t\t<\/div>\n\t\t\t\t\t<\/div>\n\t\t<\/div>\n\t\t\t\t<div class=\"elementor-column elementor-col-33 elementor-inner-column elementor-element elementor-element-4774e50 animated-fast elementor-invisible\" data-id=\"4774e50\" data-element_type=\"column\" data-settings=\"{&quot;animation&quot;:&quot;opal-move-up&quot;,&quot;animation_delay&quot;:200}\">\n\t\t\t<div class=\"elementor-widget-wrap elementor-element-populated\">\n\t\t\t\t\t\t<div class=\"elementor-element elementor-element-7cf56bd featured-box-wrapper-transform-move-up elementor-widget elementor-widget-featured-box\" data-id=\"7cf56bd\" data-element_type=\"widget\" data-widget_type=\"featured-box.default\">\n\t\t\t\t<div class=\"elementor-widget-container\">\n\t\t\t<div class=\"elementor-featured-box-wrapper\"><div class=\"elementor-featured-box-top\"><div class=\"elementor-featured-box-icon\"><i class=\"opal-icon-car-garage\" aria-hidden=\"true\" ><\/i><\/div><h3 class=\"elementor-featured-box-title\">Tiefgaragenstellpl\u00e4tze<\/h3><\/div><div class=\"elementor-featured-box-bottom\"><p class=\"elementor-featured-box-description\">Dreizehn Tiefgaragenstellpl\u00e4tze bieten Ihrem Auto einen sicheren Ort vor Wind und Wetter, aber auch ihr Fahrrad lassen wir nicht im Regen stehen.<\/p><\/div><\/div>\t\t<\/div>\n\t\t\t\t<\/div>\n\t\t\t\t\t<\/div>\n\t\t<\/div>\n\t\t\t\t<div class=\"elementor-column elementor-col-33 elementor-inner-column elementor-element elementor-element-f497639 animated-fast elementor-invisible\" data-id=\"f497639\" data-element_type=\"column\" data-settings=\"{&quot;animation&quot;:&quot;opal-move-up&quot;,&quot;animation_delay&quot;:300}\">\n\t\t\t<div class=\"elementor-widget-wrap elementor-element-populated\">\n\t\t\t\t\t\t<div class=\"elementor-element elementor-element-75fffff featured-box-wrapper-transform-move-up elementor-widget elementor-widget-featured-box\" data-id=\"75fffff\" data-element_type=\"widget\" data-widget_type=\"featured-box.default\">\n\t\t\t\t<div class=\"elementor-widget-container\">\n\t\t\t<div class=\"elementor-featured-box-wrapper\"><div class=\"elementor-featured-box-top\"><div class=\"elementor-featured-box-icon\"><i class=\"opal-icon-config\" aria-hidden=\"true\" ><\/i><\/div><h3 class=\"elementor-featured-box-title\">Auf dem neuesten Stand der Technik<\/h3><\/div><div class=\"elementor-featured-box-bottom\"><p class=\"elementor-featured-box-description\">Netzwerkverakabelung und die freie Wahl zwischen Internet \u00fcber Kabel oder DSL, so haben Sie immer die Bandbreite die Sie ben\u00f6tigen.<\/p><\/div><\/div>\t\t<\/div>\n\t\t\t\t<\/div>\n\t\t\t\t\t<\/div>\n\t\t<\/div>\n\t\t\t\t\t<\/div>\n\t\t<\/div>\n\t\t\t\t<div class=\"elementor-section elementor-inner-section elementor-element elementor-element-0b99931 elementor-section-boxed elementor-section-height-default elementor-section-height-default\" data-id=\"0b99931\" data-element_type=\"section\">\n\t\t\t\t\t\t<div class=\"elementor-container elementor-column-gap-no\">\n\t\t\t\t\t<div class=\"elementor-column elementor-col-33 elementor-inner-column elementor-element elementor-element-7334aa1 animated-fast elementor-invisible\" data-id=\"7334aa1\" data-element_type=\"column\" data-settings=\"{&quot;animation&quot;:&quot;opal-move-up&quot;,&quot;animation_delay&quot;:100}\">\n\t\t\t<div class=\"elementor-widget-wrap elementor-element-populated\">\n\t\t\t\t\t\t<div class=\"elementor-element elementor-element-d4b4b75 featured-box-wrapper-transform-move-up elementor-widget elementor-widget-featured-box\" data-id=\"d4b4b75\" data-element_type=\"widget\" data-widget_type=\"featured-box.default\">\n\t\t\t\t<div class=\"elementor-widget-container\">\n\t\t\t<div class=\"elementor-featured-box-wrapper\"><div class=\"elementor-featured-box-top\"><div class=\"elementor-featured-box-icon\"><i class=\"fa fa-sun-o\" aria-hidden=\"true\" ><\/i><\/div><h3 class=\"elementor-featured-box-title\">lass die sonne rein<\/h3><\/div><div class=\"elementor-featured-box-bottom\"><p class=\"elementor-featured-box-description\">Durch den au\u00dfenliegenden Sonnenschutz bei jedem Fenster k\u00f6nnen Sie Licht und W\u00e4rme hereinlassen, oder eben auch nicht.<\/p><\/div><\/div>\t\t<\/div>\n\t\t\t\t<\/div>\n\t\t\t\t\t<\/div>\n\t\t<\/div>\n\t\t\t\t<div class=\"elementor-column elementor-col-33 elementor-inner-column elementor-element elementor-element-96153e6 animated-fast elementor-invisible\" data-id=\"96153e6\" data-element_type=\"column\" data-settings=\"{&quot;animation&quot;:&quot;opal-move-up&quot;,&quot;animation_delay&quot;:200}\">\n\t\t\t<div class=\"elementor-widget-wrap elementor-element-populated\">\n\t\t\t\t\t\t<div class=\"elementor-element elementor-element-2e6c1ed featured-box-wrapper-transform-move-up elementor-widget elementor-widget-featured-box\" data-id=\"2e6c1ed\" data-element_type=\"widget\" data-widget_type=\"featured-box.default\">\n\t\t\t\t<div class=\"elementor-widget-container\">\n\t\t\t<div class=\"elementor-featured-box-wrapper\"><div class=\"elementor-featured-box-top\"><div class=\"elementor-featured-box-icon\"><i class=\"fa fa-picture-o\" aria-hidden=\"true\" ><\/i><\/div><h3 class=\"elementor-featured-box-title\">Fenster mit Aussicht<\/h3><\/div><div class=\"elementor-featured-box-bottom\"><p class=\"elementor-featured-box-description\">Die gro\u00dfen Fensterfl\u00e4chen in den Wohnr\u00e4umen lassen nicht nur viel Licht hinein, Sie k\u00f6nnen auch die sh\u00f6ne Aussicht genie\u00dfen.<\/p><\/div><\/div>\t\t<\/div>\n\t\t\t\t<\/div>\n\t\t\t\t\t<\/div>\n\t\t<\/div>\n\t\t\t\t<div class=\"elementor-column elementor-col-33 elementor-inner-column elementor-element elementor-element-8001da7 animated-fast elementor-invisible\" data-id=\"8001da7\" data-element_type=\"column\" data-settings=\"{&quot;animation&quot;:&quot;opal-move-up&quot;,&quot;animation_delay&quot;:300}\">\n\t\t\t<div class=\"elementor-widget-wrap elementor-element-populated\">\n\t\t\t\t\t\t<div class=\"elementor-element elementor-element-1799577 featured-box-wrapper-transform-move-up elementor-widget elementor-widget-featured-box\" data-id=\"1799577\" data-element_type=\"widget\" data-widget_type=\"featured-box.default\">\n\t\t\t\t<div class=\"elementor-widget-container\">\n\t\t\t<div class=\"elementor-featured-box-wrapper\"><div class=\"elementor-featured-box-top\"><div class=\"elementor-featured-box-icon\"><i class=\"opal-icon-coffee\" aria-hidden=\"true\" ><\/i><\/div><h3 class=\"elementor-featured-box-title\">Freifl\u00e4chen f\u00fcr Alle<\/h3><\/div><div class=\"elementor-featured-box-bottom\"><p class=\"elementor-featured-box-description\">Jede Wohnung hat ihre eigene Freifl\u00e4che, ob Balkon, Garten oder Dachterasse. So k\u00f6nnen Sie bei Ihrem Morgenkaffee frische Luft schnappen.<\/p><\/div><\/div>\t\t<\/div>\n\t\t\t\t<\/div>\n\t\t\t\t\t<\/div>\n\t\t<\/div>\n\t\t\t\t\t<\/div>\n\t\t<\/div>\n\t\t\t\t\t<\/div>\n\t\t<\/div>\n\t\t\t\t\t<\/div>\n\t\t<\/div>\n\t\t\t\t<section class=\"elementor-section elementor-top-section elementor-element elementor-element-3969153 elementor-section-full_width elementor-section-stretched elementor-section-height-default elementor-section-height-default\" data-id=\"3969153\" data-element_type=\"section\" data-settings=\"{&quot;stretch_section&quot;:&quot;section-stretched&quot;}\">\n\t\t\t\t\t\t<div class=\"elementor-container elementor-column-gap-no\">\n\t\t\t\t\t<div class=\"elementor-column elementor-col-100 elementor-top-column elementor-element elementor-element-0fe32b3\" data-id=\"0fe32b3\" data-element_type=\"column\">\n\t\t\t<div class=\"elementor-widget-wrap elementor-element-populated\">\n\t\t\t\t\t\t<div class=\"elementor-element elementor-element-1f478dc elementor-invisible elementor-widget elementor-widget-google_maps\" data-id=\"1f478dc\" data-element_type=\"widget\" data-settings=\"{&quot;_animation&quot;:&quot;slideInUp&quot;}\" data-widget_type=\"google_maps.default\">\n\t\t\t\t<div class=\"elementor-widget-container\">\n\t\t\t\t\t<div class=\"elementor-custom-embed\">\n\t\t\t<iframe loading=\"lazy\"\n\t\t\t\t\tsrc=\"https:\/\/maps.google.com\/maps?q=Stauffenstra%C3%9Fe%205&#038;t=m&#038;z=15&#038;output=embed&#038;iwloc=near\"\n\t\t\t\t\ttitle=\"Stauffenstra\u00dfe 5\"\n\t\t\t\t\taria-label=\"Stauffenstra\u00dfe 5\"\n\t\t\t><\/iframe>\n\t\t<\/div>\n\t\t\t\t<\/div>\n\t\t\t\t<\/div>\n\t\t\t\t\t<\/div>\n\t\t<\/div>\n\t\t\t\t\t<\/div>\n\t\t<\/section>\n\t\t\t\t<\/div>\n\t\t","protected":false},"excerpt":{"rendered":"<p>Villa Stauffen Mietbegin 01.12.2021 Urbaner Chic &#038; Lifestyle Mietbeginn 01.12.2021 Stauffenstra\u00dfe 5 &#8211; urbaner chic &amp; Lifestyle In zentraler Stadtlage &#8211; unweit der Salzach &#8211; entsteht das derzeit wohl anspruchsvollste Mietobjekt der Stadt Salzburg, die \u201eVilla Stauffen\u201c. Beim neuesten Projekt der Wenzl-Hartl Bautr\u00e4gergesellschaft wurde, unter besonderer R\u00fccksichtnahme auf die historische Substanz, der urspr\u00fcngliche Bestand der &hellip; <\/p>\n<p class=\"link-more\"><a href=\"https:\/\/villastauffen.at\/\" class=\"more-link\">Read More <span class=\"screen-reader-text\"> &#8222;Home 1&#8220;<\/span><\/a><\/p>\n","protected":false},"author":1,"featured_media":0,"parent":0,"menu_order":0,"comment_status":"closed","ping_status":"closed","template":"","meta":{"inline_featured_image":false,"footnotes":""},"class_list":["post-164","page","type-page","status-publish","hentry"],"_links":{"self":[{"href":"https:\/\/villastauffen.at\/index.php?rest_route=\/wp\/v2\/pages\/164","targetHints":{"allow":["GET"]}}],"collection":[{"href":"https:\/\/villastauffen.at\/index.php?rest_route=\/wp\/v2\/pages"}],"about":[{"href":"https:\/\/villastauffen.at\/index.php?rest_route=\/wp\/v2\/types\/page"}],"author":[{"embeddable":true,"href":"https:\/\/villastauffen.at\/index.php?rest_route=\/wp\/v2\/users\/1"}],"replies":[{"embeddable":true,"href":"https:\/\/villastauffen.at\/index.php?rest_route=%2Fwp%2Fv2%2Fcomments&post=164"}],"version-history":[{"count":93,"href":"https:\/\/villastauffen.at\/index.php?rest_route=\/wp\/v2\/pages\/164\/revisions"}],"predecessor-version":[{"id":3366,"href":"https:\/\/villastauffen.at\/index.php?rest_route=\/wp\/v2\/pages\/164\/revisions\/3366"}],"wp:attachment":[{"href":"https:\/\/villastauffen.at\/index.php?rest_route=%2Fwp%2Fv2%2Fmedia&parent=164"}],"curies":[{"name":"wp","href":"https:\/\/api.w.org\/{rel}","templated":true}]}}